{"id":251,"date":"2025-10-30T12:22:35","date_gmt":"2025-10-30T11:22:35","guid":{"rendered":"https:\/\/www.studiumleonexiv.org\/?page_id=251"},"modified":"2025-12-31T07:39:14","modified_gmt":"2025-12-31T06:39:14","slug":"politica-de-privacidad","status":"publish","type":"page","link":"https:\/\/www.studiumleonexiv.org\/es\/politica-de-privacidad\/","title":{"rendered":"Pol\u00edtica de Privacidad \u2013 Centro de Estudios Leone XIV"},"content":{"rendered":"\n<p>El Centro Studi Internazionale Leone XIV ETS trata los datos personales de los usuarios de conformidad con el Reglamento (UE) 2016\/679 (GDPR) y la normativa nacional vigente.<\/p>\n\n\n\n<p>El Responsable del tratamiento es el Centro Studi Internazionale Leone XIV ETS, con domicilio social en Piazza Santo Spirito 30, 50125 Florencia (FI), Italia, C\u00f3digo Fiscal 94344740488, representado por su Presidente, el Padre Giuseppe Pagano.<\/p>\n\n\n\n<p>La informaci\u00f3n completa y actualizada relativa al tratamiento de los datos personales, las finalidades, las bases jur\u00eddicas, los derechos de los interesados y el uso de cookies est\u00e1 disponible en la Pol\u00edtica de Privacidad y Cookies elaborada a trav\u00e9s de la plataforma Iubenda, accesible a continuaci\u00f3n.<\/p>\n\n\n\n<p class=\"has-text-align-center\">\n\t<a href=\"https:\/\/www.iubenda.com\/privacy-policy\/59931024\" target=\"_blank\" rel=\"noreferrer noopener\">Pol\u00edtica de Privacidad<\/a> | \n\t<a href=\"https:\/\/www.iubenda.com\/privacy-policy\/59931024\/cookie-policy\" target=\"_blank\" rel=\"noreferrer noopener\">Pol\u00edtica de Cookies<\/a>\n<\/p>\n\n","protected":false},"excerpt":{"rendered":"<p>El Centro Studi Internazionale Leone XIV ETS trata los datos personales de los usuarios de conformidad con el Reglamento (UE) 2016\/679 (GDPR) y la normativa nacional vigente. El Responsable del &hellip;<\/p>\n","protected":false},"author":5,"featured_media":0,"parent":0,"menu_order":0,"comment_status":"closed","ping_status":"closed","template":"","meta":{"_acf_changed":false,"_genesis_hide_title":false,"_genesis_hide_breadcrumbs":false,"_genesis_hide_singular_image":false,"_genesis_hide_footer_widgets":false,"_genesis_custom_body_class":"","_genesis_custom_post_class":"","_genesis_layout":"","_EventAllDay":false,"_EventTimezone":"","_EventStartDate":"","_EventEndDate":"","_EventStartDateUTC":"","_EventEndDateUTC":"","_EventShowMap":false,"_EventShowMapLink":false,"_EventURL":"","_EventCost":"","_EventCostDescription":"","_EventCurrencySymbol":"","_EventCurrencyCode":"","_EventCurrencyPosition":"","_EventDateTimeSeparator":"","_EventTimeRangeSeparator":"","_EventOrganizerID":[],"_EventVenueID":[],"_OrganizerEmail":"","_OrganizerPhone":"","_OrganizerWebsite":"","_VenueAddress":"","_VenueCity":"","_VenueCountry":"","_VenueProvince":"","_VenueState":"","_VenueZip":"","_VenuePhone":"","_VenueURL":"","_VenueStateProvince":"","_VenueLat":"","_VenueLng":"","_VenueShowMap":false,"_VenueShowMapLink":false,"footnotes":""},"class_list":["page","type-page","entry"],"acf":[],"_links":{"self":[{"href":"https:\/\/www.studiumleonexiv.org\/es\/wp-json\/wp\/v2\/pages\/251","targetHints":{"allow":["GET"]}}],"collection":[{"href":"https:\/\/www.studiumleonexiv.org\/es\/wp-json\/wp\/v2\/pages"}],"about":[{"href":"https:\/\/www.studiumleonexiv.org\/es\/wp-json\/wp\/v2\/types\/page"}],"author":[{"embeddable":true,"href":"https:\/\/www.studiumleonexiv.org\/es\/wp-json\/wp\/v2\/users\/5"}],"replies":[{"embeddable":true,"href":"https:\/\/www.studiumleonexiv.org\/es\/wp-json\/wp\/v2\/comments?post=251"}],"version-history":[{"count":0,"href":"https:\/\/www.studiumleonexiv.org\/es\/wp-json\/wp\/v2\/pages\/251\/revisions"}],"wp:attachment":[{"href":"https:\/\/www.studiumleonexiv.org\/es\/wp-json\/wp\/v2\/media?parent=251"}],"curies":[{"name":"wp","href":"https:\/\/api.w.org\/{rel}","templated":true}]}}