{"id":500,"date":"2025-11-17T15:12:09","date_gmt":"2025-11-17T14:12:09","guid":{"rendered":"https:\/\/www.studiumleonexiv.org\/?page_id=500"},"modified":"2026-03-24T12:37:25","modified_gmt":"2026-03-24T11:37:25","slug":"home-page-es","status":"publish","type":"page","link":"https:\/\/www.studiumleonexiv.org\/es\/","title":{"rendered":"Home page Es"},"content":{"rendered":"\n<div class=\"wp-block-cover alignfull has-white-color has-text-color has-link-color wp-elements-0367a79b92ebb9f526985a13658cebec\" style=\"min-height:560px;aspect-ratio:unset;\" id=\"Hero_Home\"><img loading=\"lazy\" decoding=\"async\" width=\"300\" height=\"169\" sizes=\"auto, 100vw\" srcset=\"https:\/\/www.studiumleonexiv.org\/wp-content\/uploads\/2025\/11\/hero_santo_spirito_1600x900-300x169.jpg 300w, https:\/\/www.studiumleonexiv.org\/wp-content\/uploads\/2025\/11\/hero_santo_spirito_1600x900-768x432.jpg 768w, https:\/\/www.studiumleonexiv.org\/wp-content\/uploads\/2025\/11\/hero_santo_spirito_1600x900-1024x576.jpg 1024w, https:\/\/www.studiumleonexiv.org\/wp-content\/uploads\/2025\/11\/hero_santo_spirito_1600x900-1536x864.jpg 1536w, https:\/\/www.studiumleonexiv.org\/wp-content\/uploads\/2025\/11\/hero_santo_spirito_1600x900.jpg 1600w\" class=\"wp-block-cover__image-background wp-image-434 size-large\" alt=\"\" src=\"https:\/\/www.studiumleonexiv.org\/wp-content\/uploads\/2025\/11\/hero_santo_spirito_1600x900-300x169.jpg\" style=\"--object-position:84% 62%;\" data-object-fit=\"cover\" data-object-position=\"84% 62%\"\/><span aria-hidden=\"true\" class=\"wp-block-cover__background has-primary-background-color has-background-dim-40 has-background-dim\"><\/span><div class=\"wp-block-cover__inner-container is-layout-flow wp-block-cover-is-layout-flow\">\n<h1 class=\"wp-block-heading has-text-align-center\">The Pope Leo XIV International Study Centre<\/h1>\n\n\n\n<p class=\"has-text-align-center hero-motto\">Formaci\u00f3n, investigaci\u00f3n y di\u00e1logo al servicio del bien com\u00fan<\/p>\n<\/div><\/div>\n\n\n\n<div id=\"the_centre\" class=\"wp-block-group\" style=\"padding-top:4em;padding-bottom:4em\"><div class=\"wp-block-group__inner-container is-layout-flow wp-block-group-is-layout-flow\">\n<div class=\"wp-block-columns are-vertically-aligned-center is-layout-flex wp-container-core-columns-is-layout-9d6595d7 wp-block-columns-is-layout-flex\">\n<div class=\"wp-block-column is-layout-flow wp-block-column-is-layout-flow\">\n<h2 class=\"wp-block-heading\"><strong>El Centro de Estudios<\/strong><\/h2>\n\n\n\n<p>El <strong>Centro de Estudios Internacional Le\u00f3n XIV ETS<\/strong> es una <strong>Entidad del Tercer Sector<\/strong> con sede en Florencia, constituida en el \u00e1mbito de la <strong>Orden de San Agust\u00edn<\/strong> y con sede en el <strong>Convento Agustiniano de Santo Spirito<\/strong>.<\/p>\n\n\n\n<p>Inspirado en el <strong>magisterio del Papa Le\u00f3n XIV<\/strong> y en la <strong>Doctrina Social de la Iglesia<\/strong>, el Centro promueve actividades de <strong>estudio, investigaci\u00f3n y formaci\u00f3n<\/strong> sobre los temas de la <strong>vida pol\u00edtica, las relaciones internacionales y los procesos globales<\/strong>, entendidos en sus <strong>dimensiones \u00e9tica, cultural y social<\/strong>.<\/p>\n\n\n\n<p>El Centro se propone como un espacio de <strong>reflexi\u00f3n cultural y cient\u00edfica<\/strong>, abierto al di\u00e1logo y orientado al <strong>bien com\u00fan<\/strong>, a la <strong>dignidad de la persona humana<\/strong> y a la <strong>responsabilidad \u00e9tica de la acci\u00f3n p\u00fablica<\/strong>, poniendo en relaci\u00f3n el saber acad\u00e9mico con los desaf\u00edos de la contemporaneidad.<\/p>\n<\/div>\n\n\n\n<div class=\"wp-block-column is-layout-flow wp-block-column-is-layout-flow\">\n<figure class=\"wp-block-image size-full has-custom-border\"><img loading=\"lazy\" decoding=\"async\" width=\"900\" height=\"508\" src=\"https:\/\/www.studiumleonexiv.org\/wp-content\/uploads\/2025\/11\/libri_bright.jpg\" alt=\"\" class=\"wp-image-395\" style=\"border-radius:6px\" srcset=\"https:\/\/www.studiumleonexiv.org\/wp-content\/uploads\/2025\/11\/libri_bright-300x169.jpg 300w, https:\/\/www.studiumleonexiv.org\/wp-content\/uploads\/2025\/11\/libri_bright-768x433.jpg 768w, https:\/\/www.studiumleonexiv.org\/wp-content\/uploads\/2025\/11\/libri_bright.jpg 900w\" sizes=\"auto, (max-width: 900px) 100vw, 900px\" \/><\/figure>\n<\/div>\n<\/div>\n<\/div><\/div>\n\n\n\n<div id=\"mission\" class=\"wp-block-group\"><div class=\"wp-block-group__inner-container is-layout-constrained wp-container-core-group-is-layout-801f6f31 wp-block-group-is-layout-constrained\">\n<h2 class=\"wp-block-heading\">Valores<\/h2>\n\n\n\n<div class=\"wp-block-columns is-layout-flex wp-container-core-columns-is-layout-9d6595d7 wp-block-columns-is-layout-flex\">\n<div class=\"wp-block-column is-layout-flow wp-block-column-is-layout-flow\">\n<div class=\"wp-block-group valore-box\"><div class=\"wp-block-group__inner-container is-layout-flow wp-block-group-is-layout-flow\">\n<h4 class=\"wp-block-heading\">Centralidad de la persona humana<\/h4>\n\n\n\n<p>Toda la actividad del Centro est\u00e1 orientada al respeto de la <strong>dignidad humana<\/strong>, al primado de la persona y a la tutela de los derechos fundamentales.<\/p>\n<\/div><\/div>\n<\/div>\n\n\n\n<div class=\"wp-block-column is-layout-flow wp-block-column-is-layout-flow\">\n<div class=\"wp-block-group valore-box\"><div class=\"wp-block-group__inner-container is-layout-flow wp-block-group-is-layout-flow\">\n<h4 class=\"wp-block-heading\">Bien com\u00fan<\/h4>\n\n\n\n<p>La vida pol\u00edtica y las relaciones entre los pueblos se entienden como un <strong>servicio responsable<\/strong> y como una b\u00fasqueda del bien com\u00fan, en una perspectiva solidaria e inclusiva.<\/p>\n<\/div><\/div>\n<\/div>\n<\/div>\n\n\n\n<div class=\"wp-block-columns is-layout-flex wp-container-core-columns-is-layout-9d6595d7 wp-block-columns-is-layout-flex\">\n<div class=\"wp-block-column is-layout-flow wp-block-column-is-layout-flow\">\n<div class=\"wp-block-group valore-box\"><div class=\"wp-block-group__inner-container is-layout-flow wp-block-group-is-layout-flow\">\n<h4 class=\"wp-block-heading\">Di\u00e1logo y cooperaci\u00f3n<\/h4>\n\n\n\n<p>El Centro promueve el <strong>di\u00e1logo entre culturas, instituciones y saberes<\/strong> como instrumento esencial para la paz y la cooperaci\u00f3n internacional.<\/p>\n<\/div><\/div>\n<\/div>\n\n\n\n<div class=\"wp-block-column is-layout-flow wp-block-column-is-layout-flow\">\n<div class=\"wp-block-group valore-box\"><div class=\"wp-block-group__inner-container is-layout-flow wp-block-group-is-layout-flow\">\n<h4 class=\"wp-block-heading\">Responsabilidad \u00e9tica<\/h4>\n\n\n\n<p>El estudio y la acci\u00f3n p\u00fablica deben estar guiados por criterios de <strong>responsabilidad, transparencia y atenci\u00f3n a las consecuencias sociales<\/strong> de las decisiones.<\/p>\n<\/div><\/div>\n<\/div>\n<\/div>\n\n\n\n<div class=\"wp-block-columns is-layout-flex wp-container-core-columns-is-layout-9d6595d7 wp-block-columns-is-layout-flex\">\n<div class=\"wp-block-column is-layout-flow wp-block-column-is-layout-flow\" style=\"flex-basis:50%\">\n<div class=\"wp-block-group valore-box\"><div class=\"wp-block-group__inner-container is-layout-flow wp-block-group-is-layout-flow\">\n<h4 class=\"wp-block-heading\">Formaci\u00f3n cr\u00edtica<\/h4>\n\n\n\n<p>El conocimiento se concibe como un <strong>instrumento de discernimiento<\/strong>, capaz de conjugar rigor cient\u00edfico, compromiso c\u00edvico y dimensi\u00f3n espiritual.<\/p>\n<\/div><\/div>\n<\/div>\n<\/div>\n<\/div><\/div>\n\n\n\n<div id=\"activity\" class=\"wp-block-group slx-section\" style=\"padding-top:3em;padding-bottom:3em\"><div class=\"wp-block-group__inner-container is-layout-constrained wp-block-group-is-layout-constrained\">\n<h2 class=\"wp-block-heading has-text-align-center\">\u00c1reas de actividad<\/h2>\n\n\n\n<div class=\"wp-block-columns is-layout-flex wp-container-core-columns-is-layout-9d6595d7 wp-block-columns-is-layout-flex\">\n<div class=\"wp-block-column slx-card is-layout-flow wp-block-column-is-layout-flow\">\n<h3 class=\"wp-block-heading has-text-align-center\">Formaci\u00f3n<\/h3>\n\n\n\n<p class=\"has-text-align-center\">Itinerarios de <strong>formaci\u00f3n para la vida pol\u00edtica<\/strong>, cursos, seminarios y encuentros dirigidos a estudiantes, acad\u00e9micos, profesionales, religiosos y laicos.<\/p>\n<\/div>\n\n\n\n<div class=\"wp-block-column slx-card is-layout-flow wp-block-column-is-layout-flow\">\n<h3 class=\"wp-block-heading has-text-align-center\">Investigaci\u00f3n<\/h3>\n\n\n\n<p class=\"has-text-align-center\">Actividades de <strong>investigaci\u00f3n cient\u00edfica y estudio interdisciplinar<\/strong> en los \u00e1mbitos de las ciencias sociales, la teolog\u00eda, la filosof\u00eda, la historia y las relaciones internacionales.<\/p>\n<\/div>\n\n\n\n<div class=\"wp-block-column slx-card is-layout-flow wp-block-column-is-layout-flow\">\n<h3 class=\"wp-block-heading has-text-align-center\">Congresos y di\u00e1logo<\/h3>\n\n\n\n<p class=\"has-text-align-center\">Organizaci\u00f3n de <strong>congresos, seminarios y espacios de di\u00e1logo p\u00fablico<\/strong>, en colaboraci\u00f3n con instituciones acad\u00e9micas, culturales y eclesiales, en Italia y en el extranjero.<\/p>\n<\/div>\n<\/div>\n<\/div><\/div>\n\n\n\n<div id=\"home_news\" class=\"wp-block-group\" style=\"padding-top:3em;padding-bottom:3em\"><div class=\"wp-block-group__inner-container is-layout-flow wp-block-group-is-layout-flow\">\n<h2 class=\"wp-block-heading has-text-align-center\">News &amp; Press Releases<\/h2>\n\n\n<div class=\"mai-grid entries entries-grid has-boxed has-image-full\" style=\"--entry-title-font-size:var(--font-size-lg);--align-text:start;--entry-meta-text-align:start;\" id=\"home_news_grid\"><div class=\"entries-wrap has-columns\" style=\"--columns-xs:1\/1;--columns-sm:1\/1;--columns-md:1\/3;--columns-lg:1\/3;--flex-xs:0 0 var(--flex-basis);--flex-sm:0 0 var(--flex-basis);--flex-md:0 0 var(--flex-basis);--flex-lg:0 0 var(--flex-basis);--column-gap:var(--spacing-lg);--row-gap:var(--spacing-lg);--align-columns:start;\"><article class=\"entry entry-grid is-column has-entry-link has-image has-image-first type-post category-congresos\" style=\"--entry-index:1;\" aria-label=\"Comienza el primer workshop del Centro Studi Internazionale Leone XIV ETS: de Florence a Rome, un recorrido sobre la pobreza\" itemscope itemtype=\"https:\/\/schema.org\/CreativeWork\"><a class=\"entry-image-link\" href=\"https:\/\/www.studiumleonexiv.org\/es\/comienza-el-primer-workshop-del-centro-studi-internazionale-leone-xiv-ets-de-florence-a-rome-un-recorrido-sobre-la-pobreza\/\" tabindex=\"-1\" aria-hidden=\"true\"><img loading=\"lazy\" decoding=\"async\" width=\"400\" height=\"300\" src=\"https:\/\/www.studiumleonexiv.org\/wp-content\/uploads\/2026\/05\/SPA-corretto-400x300.jpg\" class=\"entry-image size-landscape-sm\" alt=\"\" srcset=\"https:\/\/www.studiumleonexiv.org\/wp-content\/uploads\/2026\/05\/SPA-corretto-400x300.jpg 400w, https:\/\/www.studiumleonexiv.org\/wp-content\/uploads\/2026\/05\/SPA-corretto-800x600.jpg 800w, https:\/\/www.studiumleonexiv.org\/wp-content\/uploads\/2026\/05\/SPA-corretto-1200x900.jpg 1200w\" sizes=\"auto, (max-width:599px) 599px, (min-width:600px) and (max-width: 799px) 799px, (min-width:800px) and (max-width: 999px) 333px, (min-width:1000px) 400px\" \/><\/a><div class=\"entry-wrap entry-wrap-grid\"><h3 class=\"entry-title\" itemprop=\"headline\"><a class=\"entry-title-link\" href=\"https:\/\/www.studiumleonexiv.org\/es\/comienza-el-primer-workshop-del-centro-studi-internazionale-leone-xiv-ets-de-florence-a-rome-un-recorrido-sobre-la-pobreza\/\" rel=\"bookmark\">Comienza el primer workshop del Centro Studi Internazionale Leone XIV ETS: de Florence a Rome, un recorrido sobre la pobreza<\/a><\/h3>\n<\/div><\/article><article class=\"entry entry-grid is-column has-entry-link has-image has-image-first type-post category-reflexiones\" style=\"--entry-index:2;\" aria-label=\"Mons. Luis Mar\u00edn de San Mart\u00edn nuevo Limosnero del Papa\" itemscope itemtype=\"https:\/\/schema.org\/CreativeWork\"><a class=\"entry-image-link\" href=\"https:\/\/www.studiumleonexiv.org\/es\/mons-luis-marin-de-san-martin-nuevo-limosnero-del-papa\/\" tabindex=\"-1\" aria-hidden=\"true\"><img loading=\"lazy\" decoding=\"async\" width=\"400\" height=\"300\" src=\"https:\/\/www.studiumleonexiv.org\/wp-content\/uploads\/2026\/03\/3a2506c9-4952-490a-999d-75659641ae96-1-400x300.jpeg\" class=\"entry-image size-landscape-sm\" alt=\"\" \/><\/a><div class=\"entry-wrap entry-wrap-grid\"><h3 class=\"entry-title\" itemprop=\"headline\"><a class=\"entry-title-link\" href=\"https:\/\/www.studiumleonexiv.org\/es\/mons-luis-marin-de-san-martin-nuevo-limosnero-del-papa\/\" rel=\"bookmark\">Mons. Luis Mar\u00edn de San Mart\u00edn nuevo Limosnero del Papa<\/a><\/h3>\n<\/div><\/article><article class=\"entry entry-grid is-column has-entry-link has-image has-image-first type-post category-seminarios-y-conferencias\" style=\"--entry-index:3;\" aria-label=\"Agust\u00edn y la paz \u2013 Segundo encuentro del ciclo de conferencias sobre San Agust\u00edn\" itemscope itemtype=\"https:\/\/schema.org\/CreativeWork\"><a class=\"entry-image-link\" href=\"https:\/\/www.studiumleonexiv.org\/es\/agustin-y-la-paz-segundo-encuentro-del-ciclo-de-conferencias-sobre-san-agustin\/\" tabindex=\"-1\" aria-hidden=\"true\"><img loading=\"lazy\" decoding=\"async\" width=\"400\" height=\"300\" src=\"https:\/\/www.studiumleonexiv.org\/wp-content\/uploads\/2025\/11\/banner-26-febbraio-400x300.jpg\" class=\"entry-image size-landscape-sm\" alt=\"\" srcset=\"https:\/\/www.studiumleonexiv.org\/wp-content\/uploads\/2025\/11\/banner-26-febbraio-400x300.jpg 400w, https:\/\/www.studiumleonexiv.org\/wp-content\/uploads\/2025\/11\/banner-26-febbraio-800x600.jpg 800w, https:\/\/www.studiumleonexiv.org\/wp-content\/uploads\/2025\/11\/banner-26-febbraio-1200x900.jpg 1200w\" sizes=\"auto, (max-width:599px) 599px, (min-width:600px) and (max-width: 799px) 799px, (min-width:800px) and (max-width: 999px) 333px, (min-width:1000px) 400px\" \/><\/a><div class=\"entry-wrap entry-wrap-grid\"><h3 class=\"entry-title\" itemprop=\"headline\"><a class=\"entry-title-link\" href=\"https:\/\/www.studiumleonexiv.org\/es\/agustin-y-la-paz-segundo-encuentro-del-ciclo-de-conferencias-sobre-san-agustin\/\" rel=\"bookmark\">Agust\u00edn y la paz \u2013 Segundo encuentro del ciclo de conferencias sobre San Agust\u00edn<\/a><\/h3>\n<\/div><\/article><\/div><\/div>\n\n\n<div id=\"news_button\" class=\"wp-block-group\"><div class=\"wp-block-group__inner-container is-layout-constrained wp-block-group-is-layout-constrained\">\n<a class=\"news-btn\" href=\"\/it\/category\/news\/\" aria-label=\"View all news\">View All News<\/a>\n<\/div><\/div>\n<\/div><\/div>\n\n\n\n<div id=\"upcoming\" class=\"wp-block-group\" style=\"padding-top:3em;padding-bottom:3em\"><div class=\"wp-block-group__inner-container is-layout-flow wp-block-group-is-layout-flow\">\n<h2 class=\"wp-block-heading has-text-align-center\">Upcoming Conferences<\/h2>\n\n\n\n<div  class=\"tribe-compatibility-container tribe-theme-genesis\" >\n\t<div\n\t\t class=\"tribe-common tribe-events tribe-events-view tribe-events-view--widget-events-list tribe-events-widget\" \t\tdata-js=\"tribe-events-view\"\n\t\tdata-view-rest-url=\"https:\/\/www.studiumleonexiv.org\/es\/wp-json\/tribe\/views\/v2\/html\"\n\t\tdata-view-manage-url=\"1\"\n\t\t\t\t\t\t\tdata-view-breakpoint-pointer=\"0b164cf1-7376-4647-87c8-6912f0740ca0\"\n\t\t\t>\n\t\t<div class=\"tribe-events-widget-events-list\">\n\n\t\t\t\n\t\t\t<script data-js=\"tribe-events-view-data\" type=\"application\/json\">\n\t{\"slug\":\"widget-events-list\",\"prev_url\":\"\",\"next_url\":\"\",\"view_class\":\"Tribe\\\\Events\\\\Views\\\\V2\\\\Views\\\\Widgets\\\\Widget_List_View\",\"view_slug\":\"widget-events-list\",\"view_label\":\"View\",\"view\":null,\"should_manage_url\":true,\"id\":null,\"alias-slugs\":null,\"title\":\"Pr\\u00f3ximos Eventos\",\"limit\":\"5\",\"no_upcoming_events\":false,\"featured_events_only\":false,\"jsonld_enable\":true,\"tribe_is_list_widget\":false,\"admin_fields\":{\"title\":{\"label\":\"T\\u00edtulo:\",\"type\":\"text\",\"parent_classes\":\"\",\"classes\":\"\",\"dependency\":\"\",\"id\":\"widget-tribe-widget-events-list--1-title\",\"name\":\"widget-tribe-widget-events-list[-1][title]\",\"options\":[],\"placeholder\":\"\",\"value\":null},\"limit\":{\"label\":\"Mostrar:\",\"type\":\"number\",\"default\":5,\"min\":1,\"max\":10,\"step\":1,\"parent_classes\":\"\",\"classes\":\"\",\"dependency\":\"\",\"id\":\"widget-tribe-widget-events-list--1-limit\",\"name\":\"widget-tribe-widget-events-list[-1][limit]\",\"options\":[],\"placeholder\":\"\",\"value\":null},\"no_upcoming_events\":{\"label\":\"Ocultar este widget si no hay pr\\u00f3ximos eventos.\",\"type\":\"checkbox\",\"parent_classes\":\"\",\"classes\":\"\",\"dependency\":\"\",\"id\":\"widget-tribe-widget-events-list--1-no_upcoming_events\",\"name\":\"widget-tribe-widget-events-list[-1][no_upcoming_events]\",\"options\":[],\"placeholder\":\"\",\"value\":null},\"featured_events_only\":{\"label\":\"Limitar a solo eventos destacados\",\"type\":\"checkbox\",\"parent_classes\":\"\",\"classes\":\"\",\"dependency\":\"\",\"id\":\"widget-tribe-widget-events-list--1-featured_events_only\",\"name\":\"widget-tribe-widget-events-list[-1][featured_events_only]\",\"options\":[],\"placeholder\":\"\",\"value\":null},\"jsonld_enable\":{\"label\":\"Generar datos JSON-LD\",\"type\":\"checkbox\",\"parent_classes\":\"\",\"classes\":\"\",\"dependency\":\"\",\"id\":\"widget-tribe-widget-events-list--1-jsonld_enable\",\"name\":\"widget-tribe-widget-events-list[-1][jsonld_enable]\",\"options\":[],\"placeholder\":\"\",\"value\":null}},\"events\":[],\"url\":\"https:\\\/\\\/www.studiumleonexiv.org\\\/es\\\/?post_type=tribe_events&eventDisplay=widget-events-list\",\"url_event_date\":false,\"bar\":{\"keyword\":\"\",\"date\":\"\"},\"today\":\"2026-05-14 00:00:00\",\"now\":\"2026-05-14 21:08:04\",\"home_url\":\"https:\\\/\\\/www.studiumleonexiv.org\\\/es\\\/\",\"rest_url\":\"https:\\\/\\\/www.studiumleonexiv.org\\\/es\\\/wp-json\\\/tribe\\\/views\\\/v2\\\/html\",\"rest_method\":\"GET\",\"rest_nonce\":\"\",\"today_url\":\"https:\\\/\\\/www.studiumleonexiv.org\\\/es\\\/?post_type=tribe_events&eventDisplay=widget-events-list&rest_route=%2Fwp%2Fv2%2Fpages%2F500\",\"today_title\":\"Haz clic para seleccionar la fecha de hoy\",\"today_label\":\"Hoy\",\"prev_label\":\"\",\"next_label\":\"\",\"date_formats\":{\"compact\":\"n\\\/j\\\/Y\",\"month_and_year_compact\":\"n\\\/j\\\/Y\",\"month_and_year\":\"F Y\",\"time_range_separator\":\" - \",\"date_time_separator\":\" @ \"},\"messages\":{\"notice\":[\"No hay eventos programados.\"]},\"start_of_week\":\"1\",\"header_title\":\"\",\"header_title_element\":\"h1\",\"content_title\":\"\",\"show_content_title\":false,\"breadcrumbs\":[],\"backlink\":false,\"before_events\":\"\",\"after_events\":\"\\n<!--\\nThis calendar is powered by The Events Calendar.\\nhttp:\\\/\\\/evnt.is\\\/18wn\\n-->\\n\",\"display_events_bar\":false,\"disable_event_search\":false,\"live_refresh\":true,\"ical\":{\"display_link\":true,\"link\":{\"url\":\"https:\\\/\\\/www.studiumleonexiv.org\\\/es\\\/?post_type=tribe_events&#038;eventDisplay=widget-events-list&#038;ical=1\",\"text\":\"Exportar Eventos\",\"title\":\"Usa esto para compartir los datos del calendario con Google Calendar, Apple iCal y otras aplicaciones compatibles\"}},\"container_classes\":[\"tribe-common\",\"tribe-events\",\"tribe-events-view\",\"tribe-events-view--widget-events-list\",\"tribe-events-widget\"],\"container_data\":[],\"is_past\":false,\"breakpoints\":{\"xsmall\":500,\"medium\":768,\"full\":960},\"breakpoint_pointer\":\"0b164cf1-7376-4647-87c8-6912f0740ca0\",\"is_initial_load\":false,\"public_views\":{\"list\":{\"view_class\":\"Tribe\\\\Events\\\\Views\\\\V2\\\\Views\\\\List_View\",\"view_url\":\"https:\\\/\\\/www.studiumleonexiv.org\\\/es\\\/calendar\\\/lista\\\/\",\"view_label\":\"Lista\",\"aria_label\":\"Mostrar Eventos en la vista Lista\"},\"month\":{\"view_class\":\"Tribe\\\\Events\\\\Views\\\\V2\\\\Views\\\\Month_View\",\"view_url\":\"https:\\\/\\\/www.studiumleonexiv.org\\\/es\\\/calendar\\\/mes\\\/\",\"view_label\":\"Mes\",\"aria_label\":\"Mostrar Eventos en la vista Mes\"},\"day\":{\"view_class\":\"Tribe\\\\Events\\\\Views\\\\V2\\\\Views\\\\Day_View\",\"view_url\":\"https:\\\/\\\/www.studiumleonexiv.org\\\/es\\\/calendar\\\/hoy\\\/\",\"view_label\":\"D\\u00eda\",\"aria_label\":\"Mostrar Eventos en la vista D\\u00eda\"}},\"show_latest_past\":false,\"past\":false,\"compatibility_classes\":[\"tribe-compatibility-container\",\"tribe-theme-genesis\"],\"view_more_text\":\"Ver calendario\",\"view_more_title\":\"Ver m\\u00e1s eventos.\",\"view_more_link\":\"https:\\\/\\\/www.studiumleonexiv.org\\\/es\\\/calendar\\\/\",\"widget_title\":\"Upcoming Events\",\"hide_if_no_upcoming_events\":false,\"display\":[],\"subscribe_links\":{\"gcal\":{\"label\":\"Google Calendar\",\"single_label\":\"A\\u00f1adir a Google Calendar\",\"visible\":true,\"block_slug\":\"hasGoogleCalendar\"},\"ical\":{\"label\":\"iCalendar\",\"single_label\":\"Agregar a iCalendar\",\"visible\":true,\"block_slug\":\"hasiCal\"},\"outlook-365\":{\"label\":\"Outlook 365\",\"single_label\":\"Outlook 365\",\"visible\":true,\"block_slug\":\"hasOutlook365\"},\"outlook-live\":{\"label\":\"Outlook Live\",\"single_label\":\"Outlook Live\",\"visible\":true,\"block_slug\":\"hasOutlookLive\"},\"ics\":{\"label\":\"Exportar archivo .ics\",\"single_label\":\"Exportar archivo .ics\",\"visible\":true,\"block_slug\":null},\"outlook-ics\":{\"label\":\"Exportar archivo .ics de Outlook\",\"single_label\":\"Exportar archivo .ics de Outlook\",\"visible\":true,\"block_slug\":null}},\"_context\":{\"slug\":\"widget-events-list\"}}<\/script>\n\n\t\t\t\t\t\t\t<header class=\"tribe-events-widget-events-list__header\">\n\t\t\t\t\t<h2 class=\"tribe-events-widget-events-list__header-title tribe-common-h6 tribe-common-h--alt\">\n\t\t\t\t\t\tUpcoming Events\t\t\t\t\t<\/h2>\n\t\t\t\t<\/header>\n\t\t\t\n\t\t\t\n\t\t\t\t<div  class=\"tribe-events-header__messages tribe-events-c-messages tribe-common-b2\"  >\n\t\t\t<div class=\"tribe-events-c-messages__message tribe-events-c-messages__message--notice\" tabindex=\"0\" role=\"alert\" aria-live=\"assertive\">\n\t\t\t<svg\n\t class=\"tribe-common-c-svgicon tribe-common-c-svgicon--messages-not-found tribe-events-c-messages__message-icon-svg\" \taria-hidden=\"true\"\n\tviewBox=\"0 0 21 23\"\n\txmlns=\"http:\/\/www.w3.org\/2000\/svg\"\n>\n\t<g fill-rule=\"evenodd\">\n\t\t<path d=\"M.5 2.5h20v20H.5z\"\/>\n\t\t<path stroke-linecap=\"round\" d=\"M7.583 11.583l5.834 5.834m0-5.834l-5.834 5.834\" class=\"tribe-common-c-svgicon__svg-stroke\"\/>\n\t\t<path stroke-linecap=\"round\" d=\"M4.5.5v4m12-4v4\"\/>\n\t\t<path stroke-linecap=\"square\" d=\"M.5 7.5h20\"\/>\n\t<\/g>\n<\/svg>\n<span class=\"tribe-common-a11y-visual-hide\">\n\tAviso<\/span>\n\t\t\t\t\t\t\t<div\n\t\t\t\t\t data-key=\"0\" >\n\t\t\t\t\tNo hay eventos programados.\t\t\t\t<\/div>\n\t\t\t\t\t<\/div>\n\t<\/div>\n\n\t\t\t\t\t<\/div>\n\t<\/div>\n<\/div>\n<script data-js='tribe-events-view-nonce-data' type='application\/json'>{\"tvn1\":\"f93c37d5ac\",\"tvn2\":\"\"}<\/script>\n<\/div><\/div>\n\n\n\n<div id=\"contatto\" class=\"wp-block-group has-light-gray-background-color has-background\" style=\"padding-top:3em;padding-bottom:3em\"><div class=\"wp-block-group__inner-container is-layout-constrained wp-block-group-is-layout-constrained\">\n<h2 class=\"wp-block-heading has-text-align-center\">Contact the Study Centre<\/h2>\n\n\n\n<p class=\"has-text-align-center\">Piazza di Santo Spirito 30<br>50125 Firenze &#8211; Italia<br><a href=\"mailto:segretario@studiumleonexiv.org\">segretario@studiumleonexiv.org<\/a><\/p>\n\n\n\n<div class=\"wp-block-buttons is-content-justification-center is-layout-flex wp-container-core-buttons-is-layout-16018d1d wp-block-buttons-is-layout-flex\">\n<div class=\"wp-block-button\"><a class=\"wp-block-button__link button wp-element-button\" href=\"https:\/\/www.studiumleonexiv.org\/es\/contactos\/\">Write to Us<\/a><\/div>\n<\/div>\n<\/div><\/div>\n","protected":false},"excerpt":{"rendered":"<p>El Centro de Estudios El Centro de Estudios Internacional Le\u00f3n XIV ETS es una Entidad del Tercer Sector con sede en Florencia, constituida en el \u00e1mbito de la Orden de &hellip;<\/p>\n","protected":false},"author":5,"featured_media":0,"parent":0,"menu_order":0,"comment_status":"closed","ping_status":"closed","template":"","meta":{"_acf_changed":false,"_genesis_hide_title":false,"_genesis_hide_breadcrumbs":false,"_genesis_hide_singular_image":false,"_genesis_hide_footer_widgets":false,"_genesis_custom_body_class":"","_genesis_custom_post_class":"","_genesis_layout":"wide-content","_EventAllDay":false,"_EventTimezone":"","_EventStartDate":"","_EventEndDate":"","_EventStartDateUTC":"","_EventEndDateUTC":"","_EventShowMap":false,"_EventShowMapLink":false,"_EventURL":"","_EventCost":"","_EventCostDescription":"","_EventCurrencySymbol":"","_EventCurrencyCode":"","_EventCurrencyPosition":"","_EventDateTimeSeparator":"","_EventTimeRangeSeparator":"","_EventOrganizerID":[],"_EventVenueID":[],"_OrganizerEmail":"","_OrganizerPhone":"","_OrganizerWebsite":"","_VenueAddress":"","_VenueCity":"","_VenueCountry":"","_VenueProvince":"","_VenueState":"","_VenueZip":"","_VenuePhone":"","_VenueURL":"","_VenueStateProvince":"","_VenueLat":"","_VenueLng":"","_VenueShowMap":false,"_VenueShowMapLink":false,"footnotes":""},"class_list":["page","type-page","entry"],"acf":[],"_links":{"self":[{"href":"https:\/\/www.studiumleonexiv.org\/es\/wp-json\/wp\/v2\/pages\/500","targetHints":{"allow":["GET"]}}],"collection":[{"href":"https:\/\/www.studiumleonexiv.org\/es\/wp-json\/wp\/v2\/pages"}],"about":[{"href":"https:\/\/www.studiumleonexiv.org\/es\/wp-json\/wp\/v2\/types\/page"}],"author":[{"embeddable":true,"href":"https:\/\/www.studiumleonexiv.org\/es\/wp-json\/wp\/v2\/users\/5"}],"replies":[{"embeddable":true,"href":"https:\/\/www.studiumleonexiv.org\/es\/wp-json\/wp\/v2\/comments?post=500"}],"version-history":[{"count":0,"href":"https:\/\/www.studiumleonexiv.org\/es\/wp-json\/wp\/v2\/pages\/500\/revisions"}],"wp:attachment":[{"href":"https:\/\/www.studiumleonexiv.org\/es\/wp-json\/wp\/v2\/media?parent=500"}],"curies":[{"name":"wp","href":"https:\/\/api.w.org\/{rel}","templated":true}]}}