{"id":945,"date":"2025-12-15T18:20:15","date_gmt":"2025-12-15T17:20:15","guid":{"rendered":"https:\/\/www.studiumleonexiv.org\/?page_id=945"},"modified":"2026-01-15T16:13:34","modified_gmt":"2026-01-15T15:13:34","slug":"organos-y-comites","status":"publish","type":"page","link":"https:\/\/www.studiumleonexiv.org\/es\/organos-y-comites\/","title":{"rendered":"\u00d3rganos y Comit\u00e9s"},"content":{"rendered":"\n<div class=\"wp-block-group slx-section has-white-background-color has-background has-light-background\"><div class=\"wp-block-group__inner-container is-layout-constrained wp-block-group-is-layout-constrained\">\n<p>El Centro Internacional de Estudios Le\u00f3n XIV ETS se estructura en una organizaci\u00f3n compuesta por \u00f3rganos de gobierno y comit\u00e9s de apoyo, que orientan su actividad cient\u00edfica, cultural y de gesti\u00f3n.<\/p>\n\n\n\n<p>La organizaci\u00f3n se inspira en un modelo acad\u00e9mico e institucional, basado en la clara distinci\u00f3n de competencias, en la transparencia de los procesos de toma de decisiones y en el di\u00e1logo constante con la Comunidad Agustiniana de Santo Spirito en Florencia, en cuyo seno se constituye el Centro.<\/p>\n<\/div><\/div>\n\n\n\n\n<div class=\"wp-block-group slx-organi\"><div class=\"wp-block-group__inner-container is-layout-constrained wp-block-group-is-layout-constrained\">\n<h2 class=\"wp-block-heading\"><strong>\u00d3rganos del Centro de Estudios<\/strong><\/h2>\n\n\n\n<p>Los \u00f3rganos del Centro de Estudios garantizan la direcci\u00f3n institucional, la definici\u00f3n de las l\u00edneas estrat\u00e9gicas y la coordinaci\u00f3n general de las actividades, de conformidad con el Estatuto y con las resoluciones adoptadas por los \u00f3rganos competentes.<\/p>\n\n\n\n<div class=\"wp-block-columns is-layout-flex wp-container-core-columns-is-layout-9d6595d7 wp-block-columns-is-layout-flex\">\n<div class=\"wp-block-column is-layout-flow wp-block-column-is-layout-flow\">\n<h3 class=\"wp-block-heading\"><strong>Presidente del Centro de Estudios<\/strong><\/h3>\n\n\n\n<figure class=\"wp-block-image size-full\"><img loading=\"lazy\" decoding=\"async\" width=\"341\" height=\"374\" src=\"https:\/\/www.studiumleonexiv.org\/wp-content\/uploads\/2026\/01\/Padre-Giuseppe-Pagano-e1768488264437.jpg\" alt=\"\" class=\"wp-image-1389\" srcset=\"https:\/\/www.studiumleonexiv.org\/wp-content\/uploads\/2026\/01\/Padre-Giuseppe-Pagano-e1768488264437-274x300.jpg 274w, https:\/\/www.studiumleonexiv.org\/wp-content\/uploads\/2026\/01\/Padre-Giuseppe-Pagano-e1768488264437.jpg 341w\" sizes=\"auto, (max-width: 341px) 100vw, 341px\" \/><\/figure>\n\n\n\n<p>El Presidente representa legalmente al Centro Internacional de Estudios Le\u00f3n XIV ETS, coordina sus actividades institucionales y culturales y garantiza la coherencia de la acci\u00f3n del Centro con su misi\u00f3n y con los valores de la Comunidad Agustiniana de Santo Spirito.<\/p>\n\n\n\n<p><strong>El Presidente<br><\/strong>Padre Giuseppe Pagano, OSA<\/p>\n\n\n\n<p><br><\/p>\n<\/div>\n\n\n\n<div class=\"wp-block-column is-layout-flow wp-block-column-is-layout-flow\">\n<h3 class=\"wp-block-heading\"><strong>Director Cient\u00edfico<\/strong><\/h3>\n\n\n\n<p>El Director del Centro de Estudios desempe\u00f1a funciones de coordinaci\u00f3n del Comit\u00e9 Cient\u00edfico, asegurando el enlace operativo entre las actividades de investigaci\u00f3n, las orientaciones cient\u00edficas y los \u00f3rganos de gobierno de la Asociaci\u00f3n.<\/p>\n\n\n\n<p>De conformidad con el Estatuto, y a la espera del nombramiento del Presidente del Comit\u00e9 Cient\u00edfico, el Consejo Directivo ha solicitado a Padre Giuseppe Pagano que asuma dicha coordinaci\u00f3n en calidad de Director del Centro de Estudios.<\/p>\n\n\n\n<p><strong>Director<\/strong><br>Padre Giuseppe Pagano, OSA<br><a>direttore@studiumleonexiv.org<\/a><\/p>\n<\/div>\n\n\n\n<div class=\"wp-block-column is-layout-flow wp-block-column-is-layout-flow\">\n<h3 class=\"wp-block-heading\">Consejo Directivo<\/h3>\n\n\n\n<p>El Consejo Directivo define las l\u00edneas estrat\u00e9gicas del Centro, aprueba el plan anual de actividades y supervisa el funcionamiento general de la Asociaci\u00f3n, coordinando el trabajo de los comit\u00e9s y garantizando el cumplimiento de los fines estatutarios.<\/p>\n\n\n\n<p><strong>El Consejo Directivo<\/strong><\/p>\n\n\n\n<p>Padre Giuseppe Pagano \u2013 Presidente<\/p>\n\n\n\n<p>Lorenzo Calvani \u2013 Vicepresidente<\/p>\n\n\n\n<p>Albino Todeschini \u2013 Consejero<\/p>\n\n\n\n<p>Giulia Bacci \u2013 Consejera<\/p>\n\n\n\n<p>Ilaria Cimmino \u2013 Consejera<\/p>\n\n\n\n<p><br><\/p>\n<\/div>\n<\/div>\n<\/div><\/div>\n\n\n\n<div class=\"wp-block-group slx-comitati\"><div class=\"wp-block-group__inner-container is-layout-constrained wp-block-group-is-layout-constrained\">\n<h2 class=\"wp-block-heading\"><strong>Comit\u00e9s del Centro de Estudios<\/strong><\/h2>\n\n\n\n<p>Los Comit\u00e9s acompa\u00f1an a los \u00f3rganos directivos en el desarrollo de las actividades de investigaci\u00f3n, de tercera misi\u00f3n y de relaci\u00f3n con el territorio y con el contexto nacional e internacional.<\/p>\n\n\n\n<p>Act\u00faan conforme a las competencias que les han sido atribuidas, en coordinaci\u00f3n con el Consejo Directivo.<\/p>\n\n\n\n<div class=\"wp-block-columns is-layout-flex wp-container-core-columns-is-layout-9d6595d7 wp-block-columns-is-layout-flex\">\n<div class=\"wp-block-column is-layout-flow wp-block-column-is-layout-flow\">\n<h3 class=\"wp-block-heading\"><strong><strong>Comit\u00e9 Organizador Local (LOC)<\/strong><\/strong><\/h3>\n\n\n\n<p>El <strong>Comit\u00e9 Local (LOC)<\/strong> desempe\u00f1a un papel central en la <strong>coordinaci\u00f3n operativa y estrat\u00e9gica<\/strong> de las actividades del Centro de Estudios Internacional Leone XIV ETS, contribuyendo a la <strong>definici\u00f3n de los programas<\/strong>, a la organizaci\u00f3n de los eventos y a la gesti\u00f3n de los aspectos log\u00edsticos y relacionales. Actuando en <strong>estrecha colaboraci\u00f3n con el Comit\u00e9 Cient\u00edfico y los \u00f3rganos directivos<\/strong>, el LOC traduce las orientaciones institucionales en <strong>acciones concretas<\/strong>, favoreciendo la implicaci\u00f3n del territorio y la visibilidad del Centro.<\/p>\n\n\n\n<p><a href=\"https:\/\/www.studiumleonexiv.org\/es\/composicion-de-los-comites\/#ComitatoLocale\">El Comit\u00e9 Local<\/a><\/p>\n<\/div>\n\n\n\n<div class=\"wp-block-column is-layout-flow wp-block-column-is-layout-flow\">\n<h3 class=\"wp-block-heading\"><strong>Comit\u00e9 Cient\u00edfico<\/strong><\/h3>\n\n\n\n<p>El Comit\u00e9 Cient\u00edfico contribuye a la orientaci\u00f3n de las l\u00edneas de investigaci\u00f3n, de los programas de estudio, de las publicaciones y de las colaboraciones acad\u00e9micas del Centro, garantizando la calidad cient\u00edfica y la pluralidad de enfoques.<\/p>\n\n\n\n<p><a href=\"https:\/\/www.studiumleonexiv.org\/es\/composicion-de-los-comites\/#ComitatoScientifico\" data-type=\"page\" data-id=\"646\">El Comit\u00e9 Cient\u00edfico<\/a><\/p>\n<\/div>\n\n\n\n<div class=\"wp-block-column is-layout-flow wp-block-column-is-layout-flow\">\n<h3 class=\"wp-block-heading\"><strong>Comit\u00e9 de Honor<\/strong><\/h3>\n\n\n\n<p>El Comit\u00e9 de Honor re\u00fane a personalidades del mundo acad\u00e9mico, eclesial y cultural que apoyan idealmente al Centro de Estudios, contribuyendo a reforzar su perfil y su reconocimiento en el contexto nacional e internacional.<\/p>\n\n\n\n<p><a href=\"https:\/\/www.studiumleonexiv.org\/es\/composicion-de-los-comites\/#ComitatoOnore\" data-type=\"page\" data-id=\"684\">El Comit\u00e9 de Honor<\/a><\/p>\n<\/div>\n<\/div>\n\n\n\n<div class=\"wp-block-columns is-layout-flex wp-container-core-columns-is-layout-9d6595d7 wp-block-columns-is-layout-flex\">\n<div class=\"wp-block-column is-layout-flow wp-block-column-is-layout-flow\">\n<h3 class=\"wp-block-heading\"><strong>Comit\u00e9 de Relaciones Externas<\/strong><\/h3>\n\n\n\n<p>El Comit\u00e9 de Relaciones Externas gestiona las relaciones con universidades, centros de investigaci\u00f3n, fundaciones y entidades colaboradoras a nivel nacional e internacional, favoreciendo acuerdos, redes de colaboraci\u00f3n y proyectos conjuntos.<\/p>\n\n\n\n<p><a href=\"https:\/\/www.studiumleonexiv.org\/es\/composicion-de-los-comites\/#ComitatoRelazioniEsterne\" data-type=\"page\" data-id=\"696\">El Comit\u00e9 de Relaciones Externas<\/a><\/p>\n<\/div>\n\n\n\n<div class=\"wp-block-column is-layout-flow wp-block-column-is-layout-flow\">\n<h3 class=\"wp-block-heading\"><strong>Comit\u00e9 Financiero<\/strong><\/h3>\n\n\n\n<p>El Comit\u00e9 Financiero apoya la planificaci\u00f3n econ\u00f3mica del Centro y supervisa la sostenibilidad de las actividades, la gesti\u00f3n de los recursos y la b\u00fasqueda de financiaci\u00f3n, de acuerdo con los principios de transparencia y responsabilidad.<\/p>\n\n\n\n<p><a href=\"https:\/\/www.studiumleonexiv.org\/es\/composicion-de-los-comites\/#ComitatoFinanziario\">El Comit\u00e9 Financiero<\/a><\/p>\n<\/div>\n<\/div>\n<\/div><\/div>\n\n\n\n<div class=\"wp-block-group slx-segreteria\"><div class=\"wp-block-group__inner-container is-layout-constrained wp-block-group-is-layout-constrained\">\n<h2 class=\"wp-block-heading\"><strong>Comit\u00e9 de Secretar\u00eda<\/strong><\/h2>\n\n\n\n<p>A la espera de la plena operatividad de la estructura, las funciones de Secretar\u00eda son desempe\u00f1adas por <strong>la Dra. Giulia Bacci.<\/strong><\/p>\n\n\n\n<p><a href=\"https:\/\/www.studiumleonexiv.org\/es\/composicion-de-los-comites\/#Segreteria\">El Comit\u00e9 de Secretar\u00eda<\/a><\/p>\n<\/div><\/div>\n","protected":false},"excerpt":{"rendered":"<p>Los \u00f3rganos del Centro de Estudios Le\u00f3n XIV garantizan la direcci\u00f3n cient\u00edfica, la coordinaci\u00f3n institucional y la definici\u00f3n de las estrategias culturales y acad\u00e9micas. Desempe\u00f1an un papel central en la planificaci\u00f3n de las actividades, en la relaci\u00f3n con la Comunidad Agustiniana de Santo Spirito y en la supervisi\u00f3n de los comit\u00e9s y de las iniciativas de investigaci\u00f3n.<\/p>\n","protected":false},"author":5,"featured_media":395,"parent":0,"menu_order":0,"comment_status":"closed","ping_status":"closed","template":"","meta":{"_acf_changed":false,"_genesis_hide_title":false,"_genesis_hide_breadcrumbs":false,"_genesis_hide_singular_image":false,"_genesis_hide_footer_widgets":false,"_genesis_custom_body_class":"","_genesis_custom_post_class":"","_genesis_layout":"","_EventAllDay":false,"_EventTimezone":"","_EventStartDate":"","_EventEndDate":"","_EventStartDateUTC":"","_EventEndDateUTC":"","_EventShowMap":false,"_EventShowMapLink":false,"_EventURL":"","_EventCost":"","_EventCostDescription":"","_EventCurrencySymbol":"","_EventCurrencyCode":"","_EventCurrencyPosition":"","_EventDateTimeSeparator":"","_EventTimeRangeSeparator":"","_EventOrganizerID":[],"_EventVenueID":[],"_OrganizerEmail":"","_OrganizerPhone":"","_OrganizerWebsite":"","_VenueAddress":"","_VenueCity":"","_VenueCountry":"","_VenueProvince":"","_VenueState":"","_VenueZip":"","_VenuePhone":"","_VenueURL":"","_VenueStateProvince":"","_VenueLat":"","_VenueLng":"","_VenueShowMap":false,"_VenueShowMapLink":false,"footnotes":""},"class_list":["page","type-page","entry"],"acf":[],"_links":{"self":[{"href":"https:\/\/www.studiumleonexiv.org\/es\/wp-json\/wp\/v2\/pages\/945","targetHints":{"allow":["GET"]}}],"collection":[{"href":"https:\/\/www.studiumleonexiv.org\/es\/wp-json\/wp\/v2\/pages"}],"about":[{"href":"https:\/\/www.studiumleonexiv.org\/es\/wp-json\/wp\/v2\/types\/page"}],"author":[{"embeddable":true,"href":"https:\/\/www.studiumleonexiv.org\/es\/wp-json\/wp\/v2\/users\/5"}],"replies":[{"embeddable":true,"href":"https:\/\/www.studiumleonexiv.org\/es\/wp-json\/wp\/v2\/comments?post=945"}],"version-history":[{"count":0,"href":"https:\/\/www.studiumleonexiv.org\/es\/wp-json\/wp\/v2\/pages\/945\/revisions"}],"wp:featuredmedia":[{"embeddable":true,"href":"https:\/\/www.studiumleonexiv.org\/es\/wp-json\/wp\/v2\/media\/395"}],"wp:attachment":[{"href":"https:\/\/www.studiumleonexiv.org\/es\/wp-json\/wp\/v2\/media?parent=945"}],"curies":[{"name":"wp","href":"https:\/\/api.w.org\/{rel}","templated":true}]}}