{"id":64,"date":"2025-10-05T12:11:03","date_gmt":"2025-10-05T12:11:03","guid":{"rendered":"https:\/\/www.studiumleonexiv.org\/?page_id=64"},"modified":"2025-12-18T11:05:09","modified_gmt":"2025-12-18T10:05:09","slug":"il-centro-studi-internazionale-papa-leone-xiv","status":"publish","type":"page","link":"https:\/\/www.studiumleonexiv.org\/it\/il-centro-studi-internazionale-papa-leone-xiv\/","title":{"rendered":"Il Centro Studi Internazionale Papa Leone XIV"},"content":{"rendered":"\n<h3 class=\"wp-block-heading\"><strong>Chi siamo<\/strong><\/h3>\n\n\n\n<p>Il <strong>Centro Studi Internazionale Leone XIV ETS<\/strong> \u00e8 stato eretto <strong>nell\u2019agosto del 2025<\/strong>, con l\u2019<strong>assenso del Santo Padre<\/strong>, nell\u2019ambito dell\u2019<strong>Ordine di Sant\u2019Agostino<\/strong>, come <strong>Centro Studi dedicato a Papa Leone XIV<\/strong>, mediante <strong>Decreto<\/strong> dell\u2019allora <strong>Priore Generale dell\u2019Ordine di Sant\u2019Agostino, P. Alejandro Moral Ant\u00f3n<\/strong>, in accordo con il <strong>Priore Provinciale della Provincia Agostiniana d\u2019Italia, Padre Gabriele Pedicino<\/strong>.<\/p>\n\n\n\n<p>Nel dicembre del 2025 il Centro Studi \u00e8 stato successivamente costituito come <strong>Ente del Terzo Settore (ETS)<\/strong> mediante atto notarile, assumendo una forma giuridica stabile e riconosciuta anche nell\u2019ordinamento civile.<\/p>\n\n\n\n<p>Il Centro ha sede presso il <strong>Convento Agostiniano di Santo Spirito in Firenze<\/strong>.<\/p>\n\n\n<div class=\"wp-block-image\">\n<figure data-wp-context=\"{&quot;imageId&quot;:&quot;69e7392db6d6a&quot;}\" data-wp-interactive=\"core\/image\" data-wp-key=\"69e7392db6d6a\" class=\"aligncenter size-large is-resized wp-lightbox-container\"><img loading=\"lazy\" decoding=\"async\" width=\"724\" height=\"1024\" data-wp-class--hide=\"state.isContentHidden\" data-wp-class--show=\"state.isContentVisible\" data-wp-init=\"callbacks.setButtonStyles\" data-wp-on--click=\"actions.showLightbox\" data-wp-on--load=\"callbacks.setButtonStyles\" data-wp-on-window--resize=\"callbacks.setButtonStyles\" src=\"https:\/\/www.studiumleonexiv.org\/wp-content\/uploads\/2025\/11\/Decreto_CentroStudi_08282025-0-e1764081989158-724x1024.jpg\" alt=\"\" class=\"wp-image-816\" style=\"width:494px;height:auto\" srcset=\"https:\/\/www.studiumleonexiv.org\/wp-content\/uploads\/2025\/11\/Decreto_CentroStudi_08282025-0-e1764081989158-212x300.jpg 212w, https:\/\/www.studiumleonexiv.org\/wp-content\/uploads\/2025\/11\/Decreto_CentroStudi_08282025-0-e1764081989158-724x1024.jpg 724w, https:\/\/www.studiumleonexiv.org\/wp-content\/uploads\/2025\/11\/Decreto_CentroStudi_08282025-0-e1764081989158-768x1086.jpg 768w, https:\/\/www.studiumleonexiv.org\/wp-content\/uploads\/2025\/11\/Decreto_CentroStudi_08282025-0-e1764081989158-1086x1536.jpg 1086w, https:\/\/www.studiumleonexiv.org\/wp-content\/uploads\/2025\/11\/Decreto_CentroStudi_08282025-0-e1764081989158-1448x2048.jpg 1448w, https:\/\/www.studiumleonexiv.org\/wp-content\/uploads\/2025\/11\/Decreto_CentroStudi_08282025-0-e1764081989158.jpg 1810w\" sizes=\"auto, (max-width: 724px) 100vw, 724px\" \/><button\n\t\t\tclass=\"lightbox-trigger\"\n\t\t\ttype=\"button\"\n\t\t\taria-haspopup=\"dialog\"\n\t\t\taria-label=\"Ingrandisci\"\n\t\t\tdata-wp-init=\"callbacks.initTriggerButton\"\n\t\t\tdata-wp-on--click=\"actions.showLightbox\"\n\t\t\tdata-wp-style--right=\"state.imageButtonRight\"\n\t\t\tdata-wp-style--top=\"state.imageButtonTop\"\n\t\t>\n\t\t\t<svg xmlns=\"http:\/\/www.w3.org\/2000\/svg\" width=\"12\" height=\"12\" fill=\"none\" viewBox=\"0 0 12 12\">\n\t\t\t\t<path fill=\"#fff\" d=\"M2 0a2 2 0 0 0-2 2v2h1.5V2a.5.5 0 0 1 .5-.5h2V0H2Zm2 10.5H2a.5.5 0 0 1-.5-.5V8H0v2a2 2 0 0 0 2 2h2v-1.5ZM8 12v-1.5h2a.5.5 0 0 0 .5-.5V8H12v2a2 2 0 0 1-2 2H8Zm2-12a2 2 0 0 1 2 2v2h-1.5V2a.5.5 0 0 0-.5-.5H8V0h2Z\" \/>\n\t\t\t<\/svg>\n\t\t<\/button><figcaption class=\"wp-element-caption\">Decreto di erezione del Centro Studi Internazionale Leone XIV, Ordine di Sant\u2019Agostino.<\/figcaption><\/figure>\n<\/div>\n\n\n<h3 class=\"wp-block-heading\"><strong>Origine e ispirazione<\/strong><\/h3>\n\n\n\n<p>Il Centro Studi Internazionale Leone XIV nasce in risposta alle sollecitazioni rivolte da <strong>Papa Leone XIV<\/strong> a tutto il popolo di Dio, con le quali ha richiamato l\u2019urgenza di recuperare l\u2019insegnamento della <strong>Dottrina sociale della Chiesa<\/strong> come strumento essenziale per comprendere e affrontare le sfide della contemporaneit\u00e0.<\/p>\n\n\n\n<p>L\u2019ispirazione del Centro affonda le proprie radici nella tradizione agostiniana, ponendo al centro la persona, la dimensione relazionale della vita sociale e la responsabilit\u00e0 verso il bene comune, in un contesto segnato da profonde trasformazioni culturali, politiche ed economiche.<\/p>\n\n\n\n<h3 class=\"wp-block-heading\"><strong>La nostra missione<\/strong><\/h3>\n\n\n\n<p>Il <strong>Centro Studi Internazionale Leone XIV ETS<\/strong> \u00e8 un ente <strong>senza fini di lucro<\/strong> che persegue in via esclusiva, o comunque principale, <strong>finalit\u00e0 civiche, solidaristiche e di utilit\u00e0 sociale<\/strong>.<\/p>\n\n\n\n<p>La sua missione \u00e8 promuovere, a livello nazionale e internazionale, una <strong>formazione alla vita politica nella sua accezione pi\u00f9 alta<\/strong>, intesa come servizio al bene comune, come ricerca dell\u2019unit\u00e0 e come impegno responsabile nella costruzione della vita sociale.<\/p>\n\n\n\n<p>Il Centro intende contribuire al superamento di una cultura del sospetto e della paura, che alimenta forme di individualismo esasperato, favorendo invece una <strong>visione aperta, dialogica e orientata al bene comune<\/strong>, capace di valorizzare la dimensione relazionale della persona e la responsabilit\u00e0 condivisa.<\/p>\n\n\n\n<p>Nel perseguire tali finalit\u00e0, il Centro Studi Internazionale Leone XIV ETS opera in modo <strong>apolitico e apartitico<\/strong>, nel rispetto dei principi di <strong>pluralismo, dialogo e libert\u00e0 di ricerca<\/strong>, promuovendo la formazione alla vita politica come spazio di riflessione culturale e servizio alla societ\u00e0.<\/p>\n\n\n\n<h3 class=\"wp-block-heading\"><strong>Cosa facciamo<\/strong><\/h3>\n\n\n\n<p>In coerenza con la propria identit\u00e0 e con le finalit\u00e0 statutarie, il Centro Studi traduce i propri principi in <strong>attivit\u00e0 concrete di formazione, ricerca e produzione culturale<\/strong>.<\/p>\n\n\n\n<p>Il Centro promuove percorsi di <strong>formazione alla cultura politica, economica e internazionalistica<\/strong>, rivolti a quanti desiderano acquisire strumenti critici per comprendere le dinamiche del mondo contemporaneo e offrire il proprio contributo a vari livelli della vita sociale.<\/p>\n\n\n\n<p>Accanto alla formazione, il Centro sviluppa <strong>attivit\u00e0 di ricerca scientifica di particolare interesse sociale<\/strong>, anche a supporto della definizione, dell\u2019implementazione e della valutazione di politiche pubbliche e strategie di intervento, favorendo il dialogo tra riflessione teorica e prassi istituzionale.<\/p>\n\n\n\n<p>Il Centro organizza inoltre <strong>convegni, seminari, dibattiti e momenti di confronto pubblico<\/strong>, cura la produzione e la diffusione di contenuti culturali e formativi, anche attraverso pubblicazioni e strumenti digitali, e opera in collaborazione con enti pubblici e privati, istituzioni formative, universit\u00e0 e reti associative, in Italia e all\u2019estero.<\/p>\n\n\n\n<h3 class=\"wp-block-heading\"><strong>Destinatari e interlocutori<\/strong><\/h3>\n\n\n\n<p>Il Centro Studi rivolge la propria attivit\u00e0 a coloro che desiderano acquisire una <strong>formazione politica nelle relazioni internazionali<\/strong> per prestare il proprio servizio nella vita sociale. In particolare, si rivolge a <strong>laici, diaconi, presbiteri, seminaristi, vescovi e, pi\u00f9 in generale, religiosi e religiose<\/strong>.<\/p>\n\n\n\n<p>Gli interlocutori del Centro sono le <strong>istituzioni<\/strong>, la comunit\u00e0 politica e culturale italiana e internazionale, il <strong>sistema economico<\/strong> e il mondo delle <strong>reti associative<\/strong>, con l\u2019obiettivo di creare e rafforzare legami di dialogo, collaborazione e solidariet\u00e0.<\/p>\n\n\n\n<h3 class=\"wp-block-heading\"><strong>Collaborazioni scientifiche e accademiche<\/strong><\/h3>\n\n\n\n<p>Per il perseguimento delle proprie finalit\u00e0, il Centro Studi Internazionale Leone XIV ETS si avvale, in via prioritaria, della collaborazione della <strong>Facolt\u00e0 Teologica dell\u2019Italia Centrale<\/strong> e del <strong>Pontificio Istituto Patristico <\/strong><em><strong>Augustinianum<\/strong><\/em>, richiamate anche nel Decreto di erezione del Centro.<\/p>\n\n\n\n<p>Nel solco di questa impostazione, il Centro Studi promuove e sviluppa <strong>rapporti di cooperazione scientifica e accademica<\/strong> con universit\u00e0, centri di ricerca e istituzioni formative, in Italia e all\u2019estero, attraverso accordi e intese finalizzati alla realizzazione di attivit\u00e0 comuni di studio, ricerca e formazione.<\/p>\n\n\n\n<p>Il Centro si configura cos\u00ec come una realt\u00e0 <strong>aperta e in dialogo con il mondo accademico internazionale<\/strong>, orientata alla costruzione di reti di collaborazione stabili e qualificate sui temi della politica internazionale, delle relazioni globali e della Dottrina sociale della Chiesa.<\/p>\n\n\n\n<h3 class=\"wp-block-heading\"><strong>Governance<\/strong><\/h3>\n\n\n\n<p>Il <strong>Centro Studi Internazionale Leone XIV ETS<\/strong> adotta un modello di governance fondato su <strong>democraticit\u00e0, trasparenza e responsabilit\u00e0<\/strong>. Le cariche associative sono <strong>gratuite<\/strong> e l\u2019organizzazione si articola in <strong>organi di indirizzo, gestione e supporto scientifico<\/strong>, nonch\u00e9 in <strong>comitati tematici e consultivi<\/strong>, secondo quanto previsto dallo <strong>Statuto<\/strong>, pubblicato integralmente sul sito.<\/p>\n\n\n","protected":false},"excerpt":{"rendered":"<p>Il Centro Studi Internazionale Leone XIV ETS \u00e8 un ente di ricerca, formazione e produzione culturale, nato nell\u2019ambito dell\u2019Ordine di Sant\u2019Agostino e ispirato al magistero di Papa Leone XIV. Opera a livello nazionale e internazionale per promuovere una formazione alla vita politica intesa come servizio al bene comune, nel solco della Dottrina sociale della Chiesa.<\/p>\n","protected":false},"author":3,"featured_media":19,"parent":0,"menu_order":0,"comment_status":"closed","ping_status":"closed","template":"","meta":{"_acf_changed":false,"_genesis_hide_title":false,"_genesis_hide_breadcrumbs":false,"_genesis_hide_singular_image":false,"_genesis_hide_footer_widgets":false,"_genesis_custom_body_class":"","_genesis_custom_post_class":"","_genesis_layout":"","_EventAllDay":false,"_EventTimezone":"","_EventStartDate":"","_EventEndDate":"","_EventStartDateUTC":"","_EventEndDateUTC":"","_EventShowMap":false,"_EventShowMapLink":false,"_EventURL":"","_EventCost":"","_EventCostDescription":"","_EventCurrencySymbol":"","_EventCurrencyCode":"","_EventCurrencyPosition":"","_EventDateTimeSeparator":"","_EventTimeRangeSeparator":"","_EventOrganizerID":[],"_EventVenueID":[],"_OrganizerEmail":"","_OrganizerPhone":"","_OrganizerWebsite":"","_VenueAddress":"","_VenueCity":"","_VenueCountry":"","_VenueProvince":"","_VenueState":"","_VenueZip":"","_VenuePhone":"","_VenueURL":"","_VenueStateProvince":"","_VenueLat":"","_VenueLng":"","_VenueShowMap":false,"_VenueShowMapLink":false,"footnotes":""},"class_list":["page","type-page","entry"],"acf":[],"_links":{"self":[{"href":"https:\/\/www.studiumleonexiv.org\/it\/wp-json\/wp\/v2\/pages\/64","targetHints":{"allow":["GET"]}}],"collection":[{"href":"https:\/\/www.studiumleonexiv.org\/it\/wp-json\/wp\/v2\/pages"}],"about":[{"href":"https:\/\/www.studiumleonexiv.org\/it\/wp-json\/wp\/v2\/types\/page"}],"author":[{"embeddable":true,"href":"https:\/\/www.studiumleonexiv.org\/it\/wp-json\/wp\/v2\/users\/3"}],"replies":[{"embeddable":true,"href":"https:\/\/www.studiumleonexiv.org\/it\/wp-json\/wp\/v2\/comments?post=64"}],"version-history":[{"count":0,"href":"https:\/\/www.studiumleonexiv.org\/it\/wp-json\/wp\/v2\/pages\/64\/revisions"}],"wp:featuredmedia":[{"embeddable":true,"href":"https:\/\/www.studiumleonexiv.org\/it\/wp-json\/wp\/v2\/media\/19"}],"wp:attachment":[{"href":"https:\/\/www.studiumleonexiv.org\/it\/wp-json\/wp\/v2\/media?parent=64"}],"curies":[{"name":"wp","href":"https:\/\/api.w.org\/{rel}","templated":true}]}}